{"id":1855,"date":"2023-10-24T08:41:24","date_gmt":"2023-10-24T08:41:24","guid":{"rendered":"http:\/\/jeeptour.pt\/?page_id=1855"},"modified":"2024-11-13T14:33:28","modified_gmt":"2024-11-13T14:33:28","slug":"experienciavip","status":"publish","type":"page","link":"https:\/\/jeeptour.pt\/?page_id=1855","title":{"rendered":"Experi\u00eancia VIP"},"content":{"rendered":"\t\t<div data-elementor-type=\"wp-page\" data-elementor-id=\"1855\" class=\"elementor elementor-1855\">\n\t\t\t\t\t\t<section class=\"elementor-section elementor-top-section elementor-element elementor-element-c8ddeb6 elementor-section-height-min-height elementor-section-boxed elementor-section-height-default elementor-section-items-middle\" data-id=\"c8ddeb6\" data-element_type=\"section\" data-e-type=\"section\" data-settings=\"{&quot;background_background&quot;:&quot;classic&quot;}\">\n\t\t\t\t\t\t\t<div class=\"elementor-background-overlay\"><\/div>\n\t\t\t\t\t\t\t<div class=\"elementor-container elementor-column-gap-default\">\n\t\t\t\t\t<div class=\"elementor-column elementor-col-100 elementor-top-column elementor-element elementor-element-6a5337e\" data-id=\"6a5337e\" data-element_type=\"column\" data-e-type=\"column\">\n\t\t\t<div class=\"elementor-widget-wrap elementor-element-populated\">\n\t\t\t\t\t\t<div class=\"elementor-element elementor-element-a263e83 elementor-widget elementor-widget-heading\" data-id=\"a263e83\" data-element_type=\"widget\" data-e-type=\"widget\" data-widget_type=\"heading.default\">\n\t\t\t\t<div class=\"elementor-widget-container\">\n\t\t\t\t\t<h1 class=\"elementor-heading-title elementor-size-default\">Experi\u00eancia VIP<\/h1>\t\t\t\t<\/div>\n\t\t\t\t<\/div>\n\t\t\t\t\t<\/div>\n\t\t<\/div>\n\t\t\t\t\t<\/div>\n\t\t<\/section>\n\t\t<div class=\"elementor-element elementor-element-28fc2b1 e-flex e-con-boxed e-con e-parent\" data-id=\"28fc2b1\" data-element_type=\"container\" data-e-type=\"container\">\n\t\t\t\t\t<div class=\"e-con-inner\">\n\t\t<div class=\"elementor-element elementor-element-4cb300d e-flex e-con-boxed e-con e-child\" data-id=\"4cb300d\" data-element_type=\"container\" data-e-type=\"container\">\n\t\t\t\t\t<div class=\"e-con-inner\">\n\t\t<div class=\"elementor-element elementor-element-b1f100b e-flex e-con-boxed e-con e-child\" data-id=\"b1f100b\" data-element_type=\"container\" data-e-type=\"container\">\n\t\t\t\t\t<div class=\"e-con-inner\">\n\t\t<div class=\"elementor-element elementor-element-d41f3d2 e-flex e-con-boxed e-con e-child\" data-id=\"d41f3d2\" data-element_type=\"container\" data-e-type=\"container\">\n\t\t\t\t\t<div class=\"e-con-inner\">\n\t\t<div class=\"elementor-element elementor-element-804c247 e-con-full e-flex e-con e-child\" data-id=\"804c247\" data-element_type=\"container\" data-e-type=\"container\">\n\t\t\t\t<div class=\"elementor-element elementor-element-90b2957 elementor-widget elementor-widget-heading\" data-id=\"90b2957\" data-element_type=\"widget\" data-e-type=\"widget\" data-widget_type=\"heading.default\">\n\t\t\t\t<div class=\"elementor-widget-container\">\n\t\t\t\t\t<h2 class=\"elementor-heading-title elementor-size-default\">Experi\u00eancia VIP - Jeeptour\u00ae!<\/h2>\t\t\t\t<\/div>\n\t\t\t\t<\/div>\n\t\t\t\t<div class=\"elementor-element elementor-element-528e31a elementor-widget elementor-widget-text-editor\" data-id=\"528e31a\" data-element_type=\"widget\" data-e-type=\"widget\" data-widget_type=\"text-editor.default\">\n\t\t\t\t<div class=\"elementor-widget-container\">\n\t\t\t\t\t\t\t\t\t<p>Em nossa cont\u00ednua busca por proporcionar experi\u00eancias verdadeiramente memor\u00e1veis aos nossos estimados clientes, \u00e9 com grande satisfa\u00e7\u00e3o que apresentamos o nosso Pacote VIP. Este adicional exclusivo est\u00e1 dispon\u00edvel para todos os nossos passeios mediante reserva antecipada, elevando a sua aventura a um novo patamar de distin\u00e7\u00e3o e excel\u00eancia.<\/p><p>Com o Pacote VIP, voc\u00ea ter\u00e1 o privil\u00e9gio de desfrutar de um atendimento personalizado que transcende as expectativas, transformando cada momento da sua jornada em uma experi\u00eancia singular e inesquec\u00edvel. A bordo do nosso Jeeptour\u00ae, voc\u00ea ser\u00e1 brindado com um ambiente de sofistica\u00e7\u00e3o e requinte somada a uma sele\u00e7\u00e3o personalizada de bebidas e aperitivos .<\/p><p>Enquanto exploramos paisagens deslumbrantes e destinos emocionantes, voc\u00ea ter\u00e1 a oportunidade de relaxar e absorver cada detalhe, confiante de que est\u00e1 sendo cuidadosamente atendido com um servi\u00e7o de primeira classe. Al\u00e9m disso, o Pacote VIP oferece a possibilidade de solicitar um servi\u00e7o fotogr\u00e1fico, permitindo que voc\u00ea capture e eternize os momentos mais marcantes desta jornada excepcional.<\/p><p>Ao escolher o Pacote VIP, voc\u00ea n\u00e3o apenas embarca em uma viagem, mas sim em uma jornada verdadeiramente exclusiva, meticulosamente elaborada para superar todas as suas expectativas e proporcionar uma experi\u00eancia incompar\u00e1vel. N\u00e3o perca mais tempo, fa\u00e7a a sua reserva hoje mesmo e venha desfrutar do melhor que a nossa empresa tem a oferecer.<\/p>\t\t\t\t\t\t\t\t<\/div>\n\t\t\t\t<\/div>\n\t\t\t\t<\/div>\n\t\t<div class=\"elementor-element elementor-element-2a2882e e-con-full e-flex e-con e-child\" data-id=\"2a2882e\" data-element_type=\"container\" data-e-type=\"container\">\n\t\t\t\t<div class=\"elementor-element elementor-element-78d59e2 elementor-icon-list--layout-traditional elementor-list-item-link-full_width elementor-widget elementor-widget-icon-list\" data-id=\"78d59e2\" data-element_type=\"widget\" data-e-type=\"widget\" data-widget_type=\"icon-list.default\">\n\t\t\t\t<div class=\"elementor-widget-container\">\n\t\t\t\t\t\t\t<ul class=\"elementor-icon-list-items\">\n\t\t\t\t\t\t\t<li class=\"elementor-icon-list-item\">\n\t\t\t\t\t\t\t\t\t\t\t<span class=\"elementor-icon-list-icon\">\n\t\t\t\t\t\t\t<i aria-hidden=\"true\" class=\"fas fa-clock\"><\/i>\t\t\t\t\t\t<\/span>\n\t\t\t\t\t\t\t\t\t\t<span class=\"elementor-icon-list-text\">De acordo com a rota escolhida.<\/span>\n\t\t\t\t\t\t\t\t\t<\/li>\n\t\t\t\t\t\t\t\t<li class=\"elementor-icon-list-item\">\n\t\t\t\t\t\t\t\t\t\t\t<span class=\"elementor-icon-list-icon\">\n\t\t\t\t\t\t\t<i aria-hidden=\"true\" class=\"fas fa-map-marked-alt\"><\/i>\t\t\t\t\t\t<\/span>\n\t\t\t\t\t\t\t\t\t\t<span class=\"elementor-icon-list-text\">Local de recolha: C\u00e2mara Municipal de Petr\u00f3polis<\/span>\n\t\t\t\t\t\t\t\t\t<\/li>\n\t\t\t\t\t\t\t\t<li class=\"elementor-icon-list-item\">\n\t\t\t\t\t\t\t\t\t\t\t<span class=\"elementor-icon-list-icon\">\n\t\t\t\t\t\t\t<i aria-hidden=\"true\" class=\"fas fa-money-bill-alt\"><\/i>\t\t\t\t\t\t<\/span>\n\t\t\t\t\t\t\t\t\t\t<span class=\"elementor-icon-list-text\">Acresce 45\u20ac  por pessoa ao pre\u00e7o da rota escolhida.  Acresce 60\u20ac  por pessoa com servi\u00e7o fotogr\u00e1fico.<\/span>\n\t\t\t\t\t\t\t\t\t<\/li>\n\t\t\t\t\t\t\t\t<li class=\"elementor-icon-list-item\">\n\t\t\t\t\t\t\t\t\t\t\t<span class=\"elementor-icon-list-icon\">\n\t\t\t\t\t\t\t<i aria-hidden=\"true\" class=\"fas fa-child\"><\/i>\t\t\t\t\t\t<\/span>\n\t\t\t\t\t\t\t\t\t\t<span class=\"elementor-icon-list-text\">M\u00ednimo 2 pessoas, m\u00e1ximo 8<\/span>\n\t\t\t\t\t\t\t\t\t<\/li>\n\t\t\t\t\t\t<\/ul>\n\t\t\t\t\t\t<\/div>\n\t\t\t\t<\/div>\n\t\t\t\t<div class=\"elementor-element elementor-element-b688eea elementor-widget elementor-widget-toggle\" data-id=\"b688eea\" data-element_type=\"widget\" data-e-type=\"widget\" data-widget_type=\"toggle.default\">\n\t\t\t\t<div class=\"elementor-widget-container\">\n\t\t\t\t\t\t\t<div class=\"elementor-toggle\">\n\t\t\t\t\t\t\t<div class=\"elementor-toggle-item\">\n\t\t\t\t\t<div id=\"elementor-tab-title-1911\" class=\"elementor-tab-title\" data-tab=\"1\" role=\"button\" aria-controls=\"elementor-tab-content-1911\" aria-expanded=\"false\">\n\t\t\t\t\t\t\t\t\t\t\t\t<span class=\"elementor-toggle-icon elementor-toggle-icon-left\" aria-hidden=\"true\">\n\t\t\t\t\t\t\t\t\t\t\t\t\t\t\t<span class=\"elementor-toggle-icon-closed\"><i class=\"fas fa-caret-right\"><\/i><\/span>\n\t\t\t\t\t\t\t\t<span class=\"elementor-toggle-icon-opened\"><i class=\"elementor-toggle-icon-opened fas fa-caret-up\"><\/i><\/span>\n\t\t\t\t\t\t\t\t\t\t\t\t\t<\/span>\n\t\t\t\t\t\t\t\t\t\t\t\t<a class=\"elementor-toggle-title\" tabindex=\"0\">O pre\u00e7o inclui:<\/a>\n\t\t\t\t\t<\/div>\n\n\t\t\t\t\t<div id=\"elementor-tab-content-1911\" class=\"elementor-tab-content elementor-clearfix\" data-tab=\"1\" role=\"region\" aria-labelledby=\"elementor-tab-title-1911\"><p><span style=\"font-weight: 400;\">Tour privado com guia; Aperitivo com vinho do Porto aos maiores de 18 anos; Champanghe Brut; Refrigerantes ou sumo; <\/span><span style=\"font-weight: 400;\">\u00a0\u00c1gua; Queijos e snacks; Wifi; Transporte de elevado conforto a bordo do nosso jipe;\u00a0 Seguro de Responsabilidade Civil e de Acidentes Pessoais.<\/span><\/p><\/div>\n\t\t\t\t<\/div>\n\t\t\t\t\t\t\t<div class=\"elementor-toggle-item\">\n\t\t\t\t\t<div id=\"elementor-tab-title-1912\" class=\"elementor-tab-title\" data-tab=\"2\" role=\"button\" aria-controls=\"elementor-tab-content-1912\" aria-expanded=\"false\">\n\t\t\t\t\t\t\t\t\t\t\t\t<span class=\"elementor-toggle-icon elementor-toggle-icon-left\" aria-hidden=\"true\">\n\t\t\t\t\t\t\t\t\t\t\t\t\t\t\t<span class=\"elementor-toggle-icon-closed\"><i class=\"fas fa-caret-right\"><\/i><\/span>\n\t\t\t\t\t\t\t\t<span class=\"elementor-toggle-icon-opened\"><i class=\"elementor-toggle-icon-opened fas fa-caret-up\"><\/i><\/span>\n\t\t\t\t\t\t\t\t\t\t\t\t\t<\/span>\n\t\t\t\t\t\t\t\t\t\t\t\t<a class=\"elementor-toggle-title\" tabindex=\"0\">O pre\u00e7o n\u00e3o inclui: <\/a>\n\t\t\t\t\t<\/div>\n\n\t\t\t\t\t<div id=\"elementor-tab-content-1912\" class=\"elementor-tab-content elementor-clearfix\" data-tab=\"2\" role=\"region\" aria-labelledby=\"elementor-tab-title-1912\"><p><span style=\"font-weight: 400;\">Entrada para os monumentos ou qualquer outra coisa que n\u00e3o esteja inclu\u00edda.\u00a0<\/span><\/p><p><strong>Quando 8 (oito) passageiros, os passeios n\u00e3o ser\u00e3o acompanhados de guia.<\/strong><\/p><\/div>\n\t\t\t\t<\/div>\n\t\t\t\t\t\t\t<div class=\"elementor-toggle-item\">\n\t\t\t\t\t<div id=\"elementor-tab-title-1913\" class=\"elementor-tab-title\" data-tab=\"3\" role=\"button\" aria-controls=\"elementor-tab-content-1913\" aria-expanded=\"false\">\n\t\t\t\t\t\t\t\t\t\t\t\t<span class=\"elementor-toggle-icon elementor-toggle-icon-left\" aria-hidden=\"true\">\n\t\t\t\t\t\t\t\t\t\t\t\t\t\t\t<span class=\"elementor-toggle-icon-closed\"><i class=\"fas fa-caret-right\"><\/i><\/span>\n\t\t\t\t\t\t\t\t<span class=\"elementor-toggle-icon-opened\"><i class=\"elementor-toggle-icon-opened fas fa-caret-up\"><\/i><\/span>\n\t\t\t\t\t\t\t\t\t\t\t\t\t<\/span>\n\t\t\t\t\t\t\t\t\t\t\t\t<a class=\"elementor-toggle-title\" tabindex=\"0\">Pol\u00edtica de animais de estima\u00e7\u00e3o:<\/a>\n\t\t\t\t\t<\/div>\n\n\t\t\t\t\t<div id=\"elementor-tab-content-1913\" class=\"elementor-tab-content elementor-clearfix\" data-tab=\"3\" role=\"region\" aria-labelledby=\"elementor-tab-title-1913\"><p><span style=\"font-weight: 400;\">Se por acaso vier com um papagaio ao ombro n\u00e3o lhe daremos qualquer problema, talvez at\u00e9 um tour gr\u00e1tis, mas para al\u00e9m disso n\u00e3o s\u00e3o permitidos animais de estima\u00e7\u00e3o.<\/span><\/p><\/div>\n\t\t\t\t<\/div>\n\t\t\t\t\t\t\t<div class=\"elementor-toggle-item\">\n\t\t\t\t\t<div id=\"elementor-tab-title-1914\" class=\"elementor-tab-title\" data-tab=\"4\" role=\"button\" aria-controls=\"elementor-tab-content-1914\" aria-expanded=\"false\">\n\t\t\t\t\t\t\t\t\t\t\t\t<span class=\"elementor-toggle-icon elementor-toggle-icon-left\" aria-hidden=\"true\">\n\t\t\t\t\t\t\t\t\t\t\t\t\t\t\t<span class=\"elementor-toggle-icon-closed\"><i class=\"fas fa-caret-right\"><\/i><\/span>\n\t\t\t\t\t\t\t\t<span class=\"elementor-toggle-icon-opened\"><i class=\"elementor-toggle-icon-opened fas fa-caret-up\"><\/i><\/span>\n\t\t\t\t\t\t\t\t\t\t\t\t\t<\/span>\n\t\t\t\t\t\t\t\t\t\t\t\t<a class=\"elementor-toggle-title\" tabindex=\"0\">L\u00edngua:<\/a>\n\t\t\t\t\t<\/div>\n\n\t\t\t\t\t<div id=\"elementor-tab-content-1914\" class=\"elementor-tab-content elementor-clearfix\" data-tab=\"4\" role=\"region\" aria-labelledby=\"elementor-tab-title-1914\"><p><span style=\"font-weight: 400;\">Ingl\u00eas, Portugu\u00eas, Italiano<\/span><\/p><\/div>\n\t\t\t\t<\/div>\n\t\t\t\t\t\t\t<div class=\"elementor-toggle-item\">\n\t\t\t\t\t<div id=\"elementor-tab-title-1915\" class=\"elementor-tab-title\" data-tab=\"5\" role=\"button\" aria-controls=\"elementor-tab-content-1915\" aria-expanded=\"false\">\n\t\t\t\t\t\t\t\t\t\t\t\t<span class=\"elementor-toggle-icon elementor-toggle-icon-left\" aria-hidden=\"true\">\n\t\t\t\t\t\t\t\t\t\t\t\t\t\t\t<span class=\"elementor-toggle-icon-closed\"><i class=\"fas fa-caret-right\"><\/i><\/span>\n\t\t\t\t\t\t\t\t<span class=\"elementor-toggle-icon-opened\"><i class=\"elementor-toggle-icon-opened fas fa-caret-up\"><\/i><\/span>\n\t\t\t\t\t\t\t\t\t\t\t\t\t<\/span>\n\t\t\t\t\t\t\t\t\t\t\t\t<a class=\"elementor-toggle-title\" tabindex=\"0\">Destaques: <\/a>\n\t\t\t\t\t<\/div>\n\n\t\t\t\t\t<div id=\"elementor-tab-content-1915\" class=\"elementor-tab-content elementor-clearfix\" data-tab=\"5\" role=\"region\" aria-labelledby=\"elementor-tab-title-1915\"><p><span style=\"font-weight: 400;\">Tratamento exclusivo; Oportunidade de estar com a Jeeptour e o seu time de profissionais qualificados. <\/span><\/p><\/div>\n\t\t\t\t<\/div>\n\t\t\t\t\t\t\t\t<\/div>\n\t\t\t\t\t\t<\/div>\n\t\t\t\t<\/div>\n\t\t\t\t<div class=\"elementor-element elementor-element-610160c elementor-widget elementor-widget-heading\" data-id=\"610160c\" data-element_type=\"widget\" data-e-type=\"widget\" data-widget_type=\"heading.default\">\n\t\t\t\t<div class=\"elementor-widget-container\">\n\t\t\t\t\t<h2 class=\"elementor-heading-title elementor-size-default\">Rota no GoogleMaps<\/h2>\t\t\t\t<\/div>\n\t\t\t\t<\/div>\n\t\t\t\t<div class=\"elementor-element elementor-element-545b495 elementor-widget elementor-widget-google_maps\" data-id=\"545b495\" data-element_type=\"widget\" data-e-type=\"widget\" data-widget_type=\"google_maps.default\">\n\t\t\t\t<div class=\"elementor-widget-container\">\n\t\t\t\t\t\t\t<div class=\"elementor-custom-embed\">\n\t\t\t<iframe loading=\"lazy\"\n\t\t\t\t\tsrc=\"https:\/\/maps.google.com\/maps?q=Ribeira%20porto&#038;t=m&#038;z=10&#038;output=embed&#038;iwloc=near\"\n\t\t\t\t\ttitle=\"Ribeira porto\"\n\t\t\t\t\taria-label=\"Ribeira porto\"\n\t\t\t><\/iframe>\n\t\t<\/div>\n\t\t\t\t\t\t<\/div>\n\t\t\t\t<\/div>\n\t\t\t\t<\/div>\n\t\t\t\t\t<\/div>\n\t\t\t\t<\/div>\n\t\t\t\t\t<\/div>\n\t\t\t\t<\/div>\n\t\t\t\t\t<\/div>\n\t\t\t\t<\/div>\n\t\t\t\t\t<\/div>\n\t\t\t\t<\/div>\n\t\t<div class=\"elementor-element elementor-element-4b48598 e-flex e-con-boxed e-con e-parent\" data-id=\"4b48598\" data-element_type=\"container\" data-e-type=\"container\">\n\t\t\t\t\t<div class=\"e-con-inner\">\n\t\t\t\t<div class=\"elementor-element elementor-element-0129869 elementor-widget elementor-widget-html\" data-id=\"0129869\" data-element_type=\"widget\" data-e-type=\"widget\" data-widget_type=\"html.default\">\n\t\t\t\t<div class=\"elementor-widget-container\">\n\t\t\t\t\t\n\t\t\t\t<\/div>\n\t\t\t\t<\/div>\n\t\t\t\t\t<\/div>\n\t\t\t\t<\/div>\n\t\t\t\t<\/div>\n\t\t","protected":false},"excerpt":{"rendered":"<p>Experi\u00eancia VIP Experi\u00eancia VIP &#8211; Jeeptour\u00ae! Em nossa cont\u00ednua busca por proporcionar experi\u00eancias verdadeiramente memor\u00e1veis aos nossos estimados clientes, \u00e9 com grande satisfa\u00e7\u00e3o que apresentamos o nosso Pacote VIP. Este adicional exclusivo est\u00e1 dispon\u00edvel para todos os nossos passeios mediante reserva antecipada, elevando a sua aventura a um novo patamar de distin\u00e7\u00e3o e excel\u00eancia. Com &hellip;<\/p>\n<p class=\"read-more\"> <a class=\"\" href=\"https:\/\/jeeptour.pt\/?page_id=1855\"> <span class=\"screen-reader-text\">Experi\u00eancia VIP<\/span> Read More &raquo;<\/a><\/p>\n","protected":false},"author":1,"featured_media":0,"parent":0,"menu_order":0,"comment_status":"closed","ping_status":"closed","template":"","meta":{"_eb_attr":"","_uag_custom_page_level_css":"","site-sidebar-layout":"no-sidebar","site-content-layout":"page-builder","ast-site-content-layout":"full-width-container","site-content-style":"unboxed","site-sidebar-style":"unboxed","ast-global-header-display":"","ast-banner-title-visibility":"","ast-main-header-display":"","ast-hfb-above-header-display":"","ast-hfb-below-header-display":"","ast-hfb-mobile-header-display":"","site-post-title":"disabled","ast-breadcrumbs-content":"","ast-featured-img":"disabled","footer-sml-layout":"","theme-transparent-header-meta":"enabled","adv-header-id-meta":"","stick-header-meta":"","header-above-stick-meta":"","header-main-stick-meta":"","header-below-stick-meta":"","astra-migrate-meta-layouts":"set","footnotes":""},"class_list":["post-1855","page","type-page","status-publish","hentry"],"yoast_head":"<!-- This site is optimized with the Yoast SEO plugin v24.7 - https:\/\/yoast.com\/wordpress\/plugins\/seo\/ -->\n<title>Experi\u00eancia VIP - Jeeptour - Portugal<\/title>\n<meta name=\"robots\" content=\"index, follow, max-snippet:-1, max-image-preview:large, max-video-preview:-1\" \/>\n<link rel=\"canonical\" href=\"https:\/\/jeeptour.pt\/?page_id=1855\" \/>\n<meta property=\"og:locale\" content=\"pt_PT\" \/>\n<meta property=\"og:type\" content=\"article\" \/>\n<meta property=\"og:title\" content=\"Experi\u00eancia VIP - Jeeptour - Portugal\" \/>\n<meta property=\"og:description\" content=\"Experi\u00eancia VIP Experi\u00eancia VIP &#8211; Jeeptour\u00ae! Em nossa cont\u00ednua busca por proporcionar experi\u00eancias verdadeiramente memor\u00e1veis aos nossos estimados clientes, \u00e9 com grande satisfa\u00e7\u00e3o que apresentamos o nosso Pacote VIP. Este adicional exclusivo est\u00e1 dispon\u00edvel para todos os nossos passeios mediante reserva antecipada, elevando a sua aventura a um novo patamar de distin\u00e7\u00e3o e excel\u00eancia. Com &hellip; Experi\u00eancia VIP Read More &raquo;\" \/>\n<meta property=\"og:url\" content=\"https:\/\/jeeptour.pt\/?page_id=1855\" \/>\n<meta property=\"og:site_name\" content=\"Jeeptour - Portugal\" \/>\n<meta property=\"article:modified_time\" content=\"2024-11-13T14:33:28+00:00\" \/>\n<meta name=\"twitter:card\" content=\"summary_large_image\" \/>\n<meta name=\"twitter:label1\" content=\"Est. reading time\" \/>\n\t<meta name=\"twitter:data1\" content=\"3 minutos\" \/>\n<script type=\"application\/ld+json\" class=\"yoast-schema-graph\">{\"@context\":\"https:\/\/schema.org\",\"@graph\":[{\"@type\":\"WebPage\",\"@id\":\"https:\/\/jeeptour.pt\/?page_id=1855\",\"url\":\"https:\/\/jeeptour.pt\/?page_id=1855\",\"name\":\"Experi\u00eancia VIP - Jeeptour - Portugal\",\"isPartOf\":{\"@id\":\"https:\/\/jeeptour.pt\/#website\"},\"datePublished\":\"2023-10-24T08:41:24+00:00\",\"dateModified\":\"2024-11-13T14:33:28+00:00\",\"breadcrumb\":{\"@id\":\"https:\/\/jeeptour.pt\/?page_id=1855#breadcrumb\"},\"inLanguage\":\"pt-PT\",\"potentialAction\":[{\"@type\":\"ReadAction\",\"target\":[\"https:\/\/jeeptour.pt\/?page_id=1855\"]}]},{\"@type\":\"BreadcrumbList\",\"@id\":\"https:\/\/jeeptour.pt\/?page_id=1855#breadcrumb\",\"itemListElement\":[{\"@type\":\"ListItem\",\"position\":1,\"name\":\"In\u00edcio\",\"item\":\"https:\/\/jeeptour.pt\/\"},{\"@type\":\"ListItem\",\"position\":2,\"name\":\"Experi\u00eancia VIP\"}]},{\"@type\":\"WebSite\",\"@id\":\"https:\/\/jeeptour.pt\/#website\",\"url\":\"https:\/\/jeeptour.pt\/\",\"name\":\"Jeeptour - Portugal\",\"description\":\"Passeios de jipe\",\"publisher\":{\"@id\":\"https:\/\/jeeptour.pt\/#organization\"},\"potentialAction\":[{\"@type\":\"SearchAction\",\"target\":{\"@type\":\"EntryPoint\",\"urlTemplate\":\"https:\/\/jeeptour.pt\/?s={search_term_string}\"},\"query-input\":{\"@type\":\"PropertyValueSpecification\",\"valueRequired\":true,\"valueName\":\"search_term_string\"}}],\"inLanguage\":\"pt-PT\"},{\"@type\":\"Organization\",\"@id\":\"https:\/\/jeeptour.pt\/#organization\",\"name\":\"Jeeptour - Portugal\",\"url\":\"https:\/\/jeeptour.pt\/\",\"logo\":{\"@type\":\"ImageObject\",\"inLanguage\":\"pt-PT\",\"@id\":\"https:\/\/jeeptour.pt\/#\/schema\/logo\/image\/\",\"url\":\"https:\/\/jeeptour.pt\/wp-content\/uploads\/2023\/10\/cropped-logook.png\",\"contentUrl\":\"https:\/\/jeeptour.pt\/wp-content\/uploads\/2023\/10\/cropped-logook.png\",\"width\":486,\"height\":442,\"caption\":\"Jeeptour - Portugal\"},\"image\":{\"@id\":\"https:\/\/jeeptour.pt\/#\/schema\/logo\/image\/\"}}]}<\/script>\n<!-- \/ Yoast SEO plugin. -->","yoast_head_json":{"title":"Experi\u00eancia VIP - Jeeptour - Portugal","robots":{"index":"index","follow":"follow","max-snippet":"max-snippet:-1","max-image-preview":"max-image-preview:large","max-video-preview":"max-video-preview:-1"},"canonical":"https:\/\/jeeptour.pt\/?page_id=1855","og_locale":"pt_PT","og_type":"article","og_title":"Experi\u00eancia VIP - Jeeptour - Portugal","og_description":"Experi\u00eancia VIP Experi\u00eancia VIP &#8211; Jeeptour\u00ae! Em nossa cont\u00ednua busca por proporcionar experi\u00eancias verdadeiramente memor\u00e1veis aos nossos estimados clientes, \u00e9 com grande satisfa\u00e7\u00e3o que apresentamos o nosso Pacote VIP. Este adicional exclusivo est\u00e1 dispon\u00edvel para todos os nossos passeios mediante reserva antecipada, elevando a sua aventura a um novo patamar de distin\u00e7\u00e3o e excel\u00eancia. Com &hellip; Experi\u00eancia VIP Read More &raquo;","og_url":"https:\/\/jeeptour.pt\/?page_id=1855","og_site_name":"Jeeptour - Portugal","article_modified_time":"2024-11-13T14:33:28+00:00","twitter_card":"summary_large_image","twitter_misc":{"Est. reading time":"3 minutos"},"schema":{"@context":"https:\/\/schema.org","@graph":[{"@type":"WebPage","@id":"https:\/\/jeeptour.pt\/?page_id=1855","url":"https:\/\/jeeptour.pt\/?page_id=1855","name":"Experi\u00eancia VIP - Jeeptour - Portugal","isPartOf":{"@id":"https:\/\/jeeptour.pt\/#website"},"datePublished":"2023-10-24T08:41:24+00:00","dateModified":"2024-11-13T14:33:28+00:00","breadcrumb":{"@id":"https:\/\/jeeptour.pt\/?page_id=1855#breadcrumb"},"inLanguage":"pt-PT","potentialAction":[{"@type":"ReadAction","target":["https:\/\/jeeptour.pt\/?page_id=1855"]}]},{"@type":"BreadcrumbList","@id":"https:\/\/jeeptour.pt\/?page_id=1855#breadcrumb","itemListElement":[{"@type":"ListItem","position":1,"name":"In\u00edcio","item":"https:\/\/jeeptour.pt\/"},{"@type":"ListItem","position":2,"name":"Experi\u00eancia VIP"}]},{"@type":"WebSite","@id":"https:\/\/jeeptour.pt\/#website","url":"https:\/\/jeeptour.pt\/","name":"Jeeptour - Portugal","description":"Passeios de jipe","publisher":{"@id":"https:\/\/jeeptour.pt\/#organization"},"potentialAction":[{"@type":"SearchAction","target":{"@type":"EntryPoint","urlTemplate":"https:\/\/jeeptour.pt\/?s={search_term_string}"},"query-input":{"@type":"PropertyValueSpecification","valueRequired":true,"valueName":"search_term_string"}}],"inLanguage":"pt-PT"},{"@type":"Organization","@id":"https:\/\/jeeptour.pt\/#organization","name":"Jeeptour - Portugal","url":"https:\/\/jeeptour.pt\/","logo":{"@type":"ImageObject","inLanguage":"pt-PT","@id":"https:\/\/jeeptour.pt\/#\/schema\/logo\/image\/","url":"https:\/\/jeeptour.pt\/wp-content\/uploads\/2023\/10\/cropped-logook.png","contentUrl":"https:\/\/jeeptour.pt\/wp-content\/uploads\/2023\/10\/cropped-logook.png","width":486,"height":442,"caption":"Jeeptour - Portugal"},"image":{"@id":"https:\/\/jeeptour.pt\/#\/schema\/logo\/image\/"}}]}},"uagb_featured_image_src":{"full":false,"thumbnail":false,"medium":false,"medium_large":false,"large":false,"1536x1536":false,"2048x2048":false},"uagb_author_info":{"display_name":"luilin","author_link":"https:\/\/jeeptour.pt\/?author=1"},"uagb_comment_info":0,"uagb_excerpt":"Experi\u00eancia VIP Experi\u00eancia VIP &#8211; Jeeptour\u00ae! Em nossa cont\u00ednua busca por proporcionar experi\u00eancias verdadeiramente memor\u00e1veis aos nossos estimados clientes, \u00e9 com grande satisfa\u00e7\u00e3o que apresentamos o nosso Pacote VIP. Este adicional exclusivo est\u00e1 dispon\u00edvel para todos os nossos passeios mediante reserva antecipada, elevando a sua aventura a um novo patamar de distin\u00e7\u00e3o e excel\u00eancia. Com&hellip;","_links":{"self":[{"href":"https:\/\/jeeptour.pt\/index.php?rest_route=\/wp\/v2\/pages\/1855","targetHints":{"allow":["GET"]}}],"collection":[{"href":"https:\/\/jeeptour.pt\/index.php?rest_route=\/wp\/v2\/pages"}],"about":[{"href":"https:\/\/jeeptour.pt\/index.php?rest_route=\/wp\/v2\/types\/page"}],"author":[{"embeddable":true,"href":"https:\/\/jeeptour.pt\/index.php?rest_route=\/wp\/v2\/users\/1"}],"replies":[{"embeddable":true,"href":"https:\/\/jeeptour.pt\/index.php?rest_route=%2Fwp%2Fv2%2Fcomments&post=1855"}],"version-history":[{"count":34,"href":"https:\/\/jeeptour.pt\/index.php?rest_route=\/wp\/v2\/pages\/1855\/revisions"}],"predecessor-version":[{"id":4042,"href":"https:\/\/jeeptour.pt\/index.php?rest_route=\/wp\/v2\/pages\/1855\/revisions\/4042"}],"wp:attachment":[{"href":"https:\/\/jeeptour.pt\/index.php?rest_route=%2Fwp%2Fv2%2Fmedia&parent=1855"}],"curies":[{"name":"wp","href":"https:\/\/api.w.org\/{rel}","templated":true}]}}