{"id":2884,"date":"2024-03-18T10:20:08","date_gmt":"2024-03-18T10:20:08","guid":{"rendered":"https:\/\/jeeptour.pt\/?page_id=2884"},"modified":"2025-09-25T21:30:41","modified_gmt":"2025-09-25T21:30:41","slug":"alegria-dos-miudos","status":"publish","type":"page","link":"https:\/\/jeeptour.pt\/?page_id=2884","title":{"rendered":"Alegria dos mi\u00fados"},"content":{"rendered":"\t\t<div data-elementor-type=\"wp-page\" data-elementor-id=\"2884\" class=\"elementor elementor-2884\">\n\t\t\t\t\t\t<section class=\"elementor-section elementor-top-section elementor-element elementor-element-c8ddeb6 elementor-section-height-min-height elementor-section-boxed elementor-section-height-default elementor-section-items-middle\" data-id=\"c8ddeb6\" data-element_type=\"section\" data-e-type=\"section\" data-settings=\"{&quot;background_background&quot;:&quot;classic&quot;}\">\n\t\t\t\t\t\t\t<div class=\"elementor-background-overlay\"><\/div>\n\t\t\t\t\t\t\t<div class=\"elementor-container elementor-column-gap-default\">\n\t\t\t\t\t<div class=\"elementor-column elementor-col-100 elementor-top-column elementor-element elementor-element-6a5337e\" data-id=\"6a5337e\" data-element_type=\"column\" data-e-type=\"column\">\n\t\t\t<div class=\"elementor-widget-wrap elementor-element-populated\">\n\t\t\t\t\t\t<div class=\"elementor-element elementor-element-c151f18 elementor-widget elementor-widget-heading\" data-id=\"c151f18\" data-element_type=\"widget\" data-e-type=\"widget\" data-widget_type=\"heading.default\">\n\t\t\t\t<div class=\"elementor-widget-container\">\n\t\t\t\t\t<h1 class=\"elementor-heading-title elementor-size-default\">Alegria dos mi\u00fados<\/h1>\t\t\t\t<\/div>\n\t\t\t\t<\/div>\n\t\t\t\t\t<\/div>\n\t\t<\/div>\n\t\t\t\t\t<\/div>\n\t\t<\/section>\n\t\t<div class=\"elementor-element elementor-element-28fc2b1 e-flex e-con-boxed e-con e-parent\" data-id=\"28fc2b1\" data-element_type=\"container\" data-e-type=\"container\">\n\t\t\t\t\t<div class=\"e-con-inner\">\n\t\t<div class=\"elementor-element elementor-element-2cafe9f e-flex e-con-boxed e-con e-child\" data-id=\"2cafe9f\" data-element_type=\"container\" data-e-type=\"container\">\n\t\t\t\t\t<div class=\"e-con-inner\">\n\t\t<div class=\"elementor-element elementor-element-c02474e e-flex e-con-boxed e-con e-child\" data-id=\"c02474e\" data-element_type=\"container\" data-e-type=\"container\">\n\t\t\t\t\t<div class=\"e-con-inner\">\n\t\t<div class=\"elementor-element elementor-element-f1b9c6d e-con-full e-flex e-con e-child\" data-id=\"f1b9c6d\" data-element_type=\"container\" data-e-type=\"container\">\n\t\t\t\t<div class=\"elementor-element elementor-element-c9c6e2e elementor-widget elementor-widget-heading\" data-id=\"c9c6e2e\" data-element_type=\"widget\" data-e-type=\"widget\" data-widget_type=\"heading.default\">\n\t\t\t\t<div class=\"elementor-widget-container\">\n\t\t\t\t\t<h2 class=\"elementor-heading-title elementor-size-default\">Alegria dos mi\u00fados com a Jeeptour\u00ae!<\/h2>\t\t\t\t<\/div>\n\t\t\t\t<\/div>\n\t\t\t\t<div class=\"elementor-element elementor-element-43f30a3 elementor-widget elementor-widget-text-editor\" data-id=\"43f30a3\" data-element_type=\"widget\" data-e-type=\"widget\" data-widget_type=\"text-editor.default\">\n\t\t\t\t<div class=\"elementor-widget-container\">\n\t\t\t\t\t\t\t\t\t<p><span style=\"font-weight: 400;\">Embarque em uma jornada emocionante com a &#8220;Alegria dos Mi\u00fados&#8221; da Jeeptour! Projetado especialmente para encantar nossos pequenos exploradores, este passeio promete aventuras inesquec\u00edveis em meio \u00e0 natureza e \u00e0 hist\u00f3ria local.<\/span><\/p><p><span style=\"font-weight: 400;\">Nossos ve\u00edculos adaptados garantem conforto e seguran\u00e7a enquanto as crian\u00e7as se maravilham com paisagens deslumbrantes e descobrem segredos do passado. Para tornar a experi\u00eancia ainda mais doce, oferecemos sucos de frutas refrescantes.<\/span><\/p><p><span style=\"font-weight: 400;\">Cada crian\u00e7a recebe seu pr\u00f3prio bal\u00e3o, adicionando um toque m\u00e1gico ao passeio. \u00c9 necess\u00e1rio um adulto respons\u00e1vel para acompanhar cada 3 crian\u00e7as menores de 10 anos de idade, e um respons\u00e1vel para 6 crian\u00e7as de 10 aos 14 anos, garantimos n\u00e3o apenas divers\u00e3o, mas tamb\u00e9m tranquilidade para os pais.<\/span><\/p><p><span style=\"font-weight: 400;\">&#8220;Alegria dos Mi\u00fados&#8221; \u00e9 mais do que um passeio, \u00e9 uma oportunidade de integra\u00e7\u00e3o das crian\u00e7as com a natureza e a hist\u00f3ria de forma cativante. Prepare-se para uma aventura memor\u00e1vel que despertar\u00e1 a curiosidade e a imagina\u00e7\u00e3o dos nossos pequenos aventureiros!<\/span><\/p><p><span style=\"font-weight: 400;\">Entre em contato e fa\u00e7a sua marca\u00e7\u00e3o o mais r\u00e1pido poss\u00edvel!<\/span><\/p><p><br style=\"font-weight: 400;\" \/><br style=\"font-weight: 400;\" \/><br \/><\/p>\t\t\t\t\t\t\t\t<\/div>\n\t\t\t\t<\/div>\n\t\t\t\t<\/div>\n\t\t<div class=\"elementor-element elementor-element-4abe362 e-con-full e-flex e-con e-child\" data-id=\"4abe362\" data-element_type=\"container\" data-e-type=\"container\">\n\t\t\t\t<div class=\"elementor-element elementor-element-20fa045 elementor-icon-list--layout-traditional elementor-list-item-link-full_width elementor-widget elementor-widget-icon-list\" data-id=\"20fa045\" data-element_type=\"widget\" data-e-type=\"widget\" data-widget_type=\"icon-list.default\">\n\t\t\t\t<div class=\"elementor-widget-container\">\n\t\t\t\t\t\t\t<ul class=\"elementor-icon-list-items\">\n\t\t\t\t\t\t\t<li class=\"elementor-icon-list-item\">\n\t\t\t\t\t\t\t\t\t\t\t<span class=\"elementor-icon-list-icon\">\n\t\t\t\t\t\t\t<i aria-hidden=\"true\" class=\"fas fa-clock\"><\/i>\t\t\t\t\t\t<\/span>\n\t\t\t\t\t\t\t\t\t\t<span class=\"elementor-icon-list-text\">De acordo com a rota escolhida.<\/span>\n\t\t\t\t\t\t\t\t\t<\/li>\n\t\t\t\t\t\t\t\t<li class=\"elementor-icon-list-item\">\n\t\t\t\t\t\t\t\t\t\t\t<span class=\"elementor-icon-list-icon\">\n\t\t\t\t\t\t\t<i aria-hidden=\"true\" class=\"fas fa-map-marked-alt\"><\/i>\t\t\t\t\t\t<\/span>\n\t\t\t\t\t\t\t\t\t\t<span class=\"elementor-icon-list-text\">Local de recolha: C\u00e2mara Municipal do Porto<\/span>\n\t\t\t\t\t\t\t\t\t<\/li>\n\t\t\t\t\t\t\t\t<li class=\"elementor-icon-list-item\">\n\t\t\t\t\t\t\t\t\t\t\t<span class=\"elementor-icon-list-icon\">\n\t\t\t\t\t\t\t<i aria-hidden=\"true\" class=\"fas fa-money-bill-alt\"><\/i>\t\t\t\t\t\t<\/span>\n\t\t\t\t\t\t\t\t\t\t<span class=\"elementor-icon-list-text\">30\u20ac por hora<\/span>\n\t\t\t\t\t\t\t\t\t<\/li>\n\t\t\t\t\t\t\t\t<li class=\"elementor-icon-list-item\">\n\t\t\t\t\t\t\t\t\t\t\t<span class=\"elementor-icon-list-icon\">\n\t\t\t\t\t\t\t<i aria-hidden=\"true\" class=\"fas fa-child\"><\/i>\t\t\t\t\t\t<\/span>\n\t\t\t\t\t\t\t\t\t\t<span class=\"elementor-icon-list-text\">M\u00ednimo 4 pessoas, m\u00e1ximo 8.<\/span>\n\t\t\t\t\t\t\t\t\t<\/li>\n\t\t\t\t\t\t<\/ul>\n\t\t\t\t\t\t<\/div>\n\t\t\t\t<\/div>\n\t\t\t\t<div class=\"elementor-element elementor-element-5a6c115 elementor-align-center elementor-widget elementor-widget-button\" data-id=\"5a6c115\" data-element_type=\"widget\" data-e-type=\"widget\" data-widget_type=\"button.default\">\n\t\t\t\t<div class=\"elementor-widget-container\">\n\t\t\t\t\t\t\t\t\t<div class=\"elementor-button-wrapper\">\n\t\t\t\t\t<a class=\"elementor-button elementor-button-link elementor-size-sm\" href=\"https:\/\/fareharbor.com\/embeds\/book\/jeeptour\/?full-items=yes\">\n\t\t\t\t\t\t<span class=\"elementor-button-content-wrapper\">\n\t\t\t\t\t\t<span class=\"elementor-button-icon\">\n\t\t\t\t<i aria-hidden=\"true\" class=\"far fa-check-circle\"><\/i>\t\t\t<\/span>\n\t\t\t\t\t\t\t\t\t<span class=\"elementor-button-text\">RESERVE AGORA<\/span>\n\t\t\t\t\t<\/span>\n\t\t\t\t\t<\/a>\n\t\t\t\t<\/div>\n\t\t\t\t\t\t\t\t<\/div>\n\t\t\t\t<\/div>\n\t\t\t\t<div class=\"elementor-element elementor-element-d5027b5 elementor-widget elementor-widget-toggle\" data-id=\"d5027b5\" data-element_type=\"widget\" data-e-type=\"widget\" data-widget_type=\"toggle.default\">\n\t\t\t\t<div class=\"elementor-widget-container\">\n\t\t\t\t\t\t\t<div class=\"elementor-toggle\">\n\t\t\t\t\t\t\t<div class=\"elementor-toggle-item\">\n\t\t\t\t\t<div id=\"elementor-tab-title-2231\" class=\"elementor-tab-title\" data-tab=\"1\" role=\"button\" aria-controls=\"elementor-tab-content-2231\" aria-expanded=\"false\">\n\t\t\t\t\t\t\t\t\t\t\t\t<span class=\"elementor-toggle-icon elementor-toggle-icon-left\" aria-hidden=\"true\">\n\t\t\t\t\t\t\t\t\t\t\t\t\t\t\t<span class=\"elementor-toggle-icon-closed\"><i class=\"fas fa-caret-right\"><\/i><\/span>\n\t\t\t\t\t\t\t\t<span class=\"elementor-toggle-icon-opened\"><i class=\"elementor-toggle-icon-opened fas fa-caret-up\"><\/i><\/span>\n\t\t\t\t\t\t\t\t\t\t\t\t\t<\/span>\n\t\t\t\t\t\t\t\t\t\t\t\t<a class=\"elementor-toggle-title\" tabindex=\"0\">O pre\u00e7o inclui:<\/a>\n\t\t\t\t\t<\/div>\n\n\t\t\t\t\t<div id=\"elementor-tab-content-2231\" class=\"elementor-tab-content elementor-clearfix\" data-tab=\"1\" role=\"region\" aria-labelledby=\"elementor-tab-title-2231\"><p><span style=\"font-weight: 400;\">Tour privado; <\/span><span style=\"font-weight: 400;\">Wifi; \u00c1gua a bordo; <\/span><span style=\"font-weight: 400;\">Snack; Bal\u00f5es coloridos; <\/span><span style=\"font-weight: 400;\">Transporte de elevado conforto a bordo do nosso jipe;\u00a0 Seguro de Responsabilidade Civil e de Acidentes Pessoais.<\/span><\/p><\/div>\n\t\t\t\t<\/div>\n\t\t\t\t\t\t\t<div class=\"elementor-toggle-item\">\n\t\t\t\t\t<div id=\"elementor-tab-title-2232\" class=\"elementor-tab-title\" data-tab=\"2\" role=\"button\" aria-controls=\"elementor-tab-content-2232\" aria-expanded=\"false\">\n\t\t\t\t\t\t\t\t\t\t\t\t<span class=\"elementor-toggle-icon elementor-toggle-icon-left\" aria-hidden=\"true\">\n\t\t\t\t\t\t\t\t\t\t\t\t\t\t\t<span class=\"elementor-toggle-icon-closed\"><i class=\"fas fa-caret-right\"><\/i><\/span>\n\t\t\t\t\t\t\t\t<span class=\"elementor-toggle-icon-opened\"><i class=\"elementor-toggle-icon-opened fas fa-caret-up\"><\/i><\/span>\n\t\t\t\t\t\t\t\t\t\t\t\t\t<\/span>\n\t\t\t\t\t\t\t\t\t\t\t\t<a class=\"elementor-toggle-title\" tabindex=\"0\">O pre\u00e7o n\u00e3o inclui: <\/a>\n\t\t\t\t\t<\/div>\n\n\t\t\t\t\t<div id=\"elementor-tab-content-2232\" class=\"elementor-tab-content elementor-clearfix\" data-tab=\"2\" role=\"region\" aria-labelledby=\"elementor-tab-title-2232\"><p><span style=\"font-weight: 400;\">Entrada para os monumentos\u00a0 ou qualquer outra coisa que n\u00e3o esteja inclu\u00edda.<\/span><\/p><p><strong>Quando 8 (oito) passageiros, os passeios n\u00e3o ser\u00e3o acompanhados de guia.<\/strong><\/p><\/div>\n\t\t\t\t<\/div>\n\t\t\t\t\t\t\t<div class=\"elementor-toggle-item\">\n\t\t\t\t\t<div id=\"elementor-tab-title-2233\" class=\"elementor-tab-title\" data-tab=\"3\" role=\"button\" aria-controls=\"elementor-tab-content-2233\" aria-expanded=\"false\">\n\t\t\t\t\t\t\t\t\t\t\t\t<span class=\"elementor-toggle-icon elementor-toggle-icon-left\" aria-hidden=\"true\">\n\t\t\t\t\t\t\t\t\t\t\t\t\t\t\t<span class=\"elementor-toggle-icon-closed\"><i class=\"fas fa-caret-right\"><\/i><\/span>\n\t\t\t\t\t\t\t\t<span class=\"elementor-toggle-icon-opened\"><i class=\"elementor-toggle-icon-opened fas fa-caret-up\"><\/i><\/span>\n\t\t\t\t\t\t\t\t\t\t\t\t\t<\/span>\n\t\t\t\t\t\t\t\t\t\t\t\t<a class=\"elementor-toggle-title\" tabindex=\"0\">Pol\u00edtica de animais de estima\u00e7\u00e3o:<\/a>\n\t\t\t\t\t<\/div>\n\n\t\t\t\t\t<div id=\"elementor-tab-content-2233\" class=\"elementor-tab-content elementor-clearfix\" data-tab=\"3\" role=\"region\" aria-labelledby=\"elementor-tab-title-2233\"><p><span style=\"font-weight: 400;\">Se por acaso vier com um papagaio ao ombro n\u00e3o lhe daremos qualquer problema, talvez at\u00e9 um tour gr\u00e1tis, mas para al\u00e9m disso n\u00e3o s\u00e3o permitidos animais de estima\u00e7\u00e3o.<\/span><\/p><\/div>\n\t\t\t\t<\/div>\n\t\t\t\t\t\t\t<div class=\"elementor-toggle-item\">\n\t\t\t\t\t<div id=\"elementor-tab-title-2234\" class=\"elementor-tab-title\" data-tab=\"4\" role=\"button\" aria-controls=\"elementor-tab-content-2234\" aria-expanded=\"false\">\n\t\t\t\t\t\t\t\t\t\t\t\t<span class=\"elementor-toggle-icon elementor-toggle-icon-left\" aria-hidden=\"true\">\n\t\t\t\t\t\t\t\t\t\t\t\t\t\t\t<span class=\"elementor-toggle-icon-closed\"><i class=\"fas fa-caret-right\"><\/i><\/span>\n\t\t\t\t\t\t\t\t<span class=\"elementor-toggle-icon-opened\"><i class=\"elementor-toggle-icon-opened fas fa-caret-up\"><\/i><\/span>\n\t\t\t\t\t\t\t\t\t\t\t\t\t<\/span>\n\t\t\t\t\t\t\t\t\t\t\t\t<a class=\"elementor-toggle-title\" tabindex=\"0\">L\u00edngua:<\/a>\n\t\t\t\t\t<\/div>\n\n\t\t\t\t\t<div id=\"elementor-tab-content-2234\" class=\"elementor-tab-content elementor-clearfix\" data-tab=\"4\" role=\"region\" aria-labelledby=\"elementor-tab-title-2234\"><p><span style=\"font-weight: 400;\">Ingl\u00eas, Portugu\u00eas, Italiano<\/span><\/p><\/div>\n\t\t\t\t<\/div>\n\t\t\t\t\t\t\t<div class=\"elementor-toggle-item\">\n\t\t\t\t\t<div id=\"elementor-tab-title-2235\" class=\"elementor-tab-title\" data-tab=\"5\" role=\"button\" aria-controls=\"elementor-tab-content-2235\" aria-expanded=\"false\">\n\t\t\t\t\t\t\t\t\t\t\t\t<span class=\"elementor-toggle-icon elementor-toggle-icon-left\" aria-hidden=\"true\">\n\t\t\t\t\t\t\t\t\t\t\t\t\t\t\t<span class=\"elementor-toggle-icon-closed\"><i class=\"fas fa-caret-right\"><\/i><\/span>\n\t\t\t\t\t\t\t\t<span class=\"elementor-toggle-icon-opened\"><i class=\"elementor-toggle-icon-opened fas fa-caret-up\"><\/i><\/span>\n\t\t\t\t\t\t\t\t\t\t\t\t\t<\/span>\n\t\t\t\t\t\t\t\t\t\t\t\t<a class=\"elementor-toggle-title\" tabindex=\"0\">Destaques: <\/a>\n\t\t\t\t\t<\/div>\n\n\t\t\t\t\t<div id=\"elementor-tab-content-2235\" class=\"elementor-tab-content elementor-clearfix\" data-tab=\"5\" role=\"region\" aria-labelledby=\"elementor-tab-title-2235\"><p><span style=\"font-weight: 400;\">Tratamento exclusivo; Oportunidade de estar com a Jeeptour e o seu time de profissionais qualificados. <\/span><\/p><\/div>\n\t\t\t\t<\/div>\n\t\t\t\t\t\t\t\t<\/div>\n\t\t\t\t\t\t<\/div>\n\t\t\t\t<\/div>\n\t\t\t\t<div class=\"elementor-element elementor-element-e14c065 elementor-widget elementor-widget-heading\" data-id=\"e14c065\" data-element_type=\"widget\" data-e-type=\"widget\" data-widget_type=\"heading.default\">\n\t\t\t\t<div class=\"elementor-widget-container\">\n\t\t\t\t\t<h2 class=\"elementor-heading-title elementor-size-default\">Rota no GoogleMaps<\/h2>\t\t\t\t<\/div>\n\t\t\t\t<\/div>\n\t\t\t\t<div class=\"elementor-element elementor-element-b8d4b05 elementor-widget elementor-widget-google_maps\" data-id=\"b8d4b05\" data-element_type=\"widget\" data-e-type=\"widget\" data-widget_type=\"google_maps.default\">\n\t\t\t\t<div class=\"elementor-widget-container\">\n\t\t\t\t\t\t\t<div class=\"elementor-custom-embed\">\n\t\t\t<iframe loading=\"lazy\"\n\t\t\t\t\tsrc=\"https:\/\/maps.google.com\/maps?q=Ribeira%20porto&#038;t=m&#038;z=10&#038;output=embed&#038;iwloc=near\"\n\t\t\t\t\ttitle=\"Ribeira porto\"\n\t\t\t\t\taria-label=\"Ribeira porto\"\n\t\t\t><\/iframe>\n\t\t<\/div>\n\t\t\t\t\t\t<\/div>\n\t\t\t\t<\/div>\n\t\t\t\t<\/div>\n\t\t\t\t\t<\/div>\n\t\t\t\t<\/div>\n\t\t\t\t\t<\/div>\n\t\t\t\t<\/div>\n\t\t\t\t\t<\/div>\n\t\t\t\t<\/div>\n\t\t<div class=\"elementor-element elementor-element-4b48598 e-flex e-con-boxed e-con e-parent\" data-id=\"4b48598\" data-element_type=\"container\" data-e-type=\"container\">\n\t\t\t\t\t<div class=\"e-con-inner\">\n\t\t\t\t<div class=\"elementor-element elementor-element-0129869 elementor-widget elementor-widget-html\" data-id=\"0129869\" data-element_type=\"widget\" data-e-type=\"widget\" data-widget_type=\"html.default\">\n\t\t\t\t<div class=\"elementor-widget-container\">\n\t\t\t\t\t\n\t\t\t\t<\/div>\n\t\t\t\t<\/div>\n\t\t\t\t\t<\/div>\n\t\t\t\t<\/div>\n\t\t\t\t<\/div>\n\t\t","protected":false},"excerpt":{"rendered":"<p>Alegria dos mi\u00fados Alegria dos mi\u00fados com a Jeeptour\u00ae! Embarque em uma jornada emocionante com a &#8220;Alegria dos Mi\u00fados&#8221; da Jeeptour! Projetado especialmente para encantar nossos pequenos exploradores, este passeio promete aventuras inesquec\u00edveis em meio \u00e0 natureza e \u00e0 hist\u00f3ria local. Nossos ve\u00edculos adaptados garantem conforto e seguran\u00e7a enquanto as crian\u00e7as se maravilham com paisagens &hellip;<\/p>\n<p class=\"read-more\"> <a class=\"\" href=\"https:\/\/jeeptour.pt\/?page_id=2884\"> <span class=\"screen-reader-text\">Alegria dos mi\u00fados<\/span> Read More &raquo;<\/a><\/p>\n","protected":false},"author":1,"featured_media":0,"parent":0,"menu_order":0,"comment_status":"closed","ping_status":"closed","template":"","meta":{"_eb_attr":"","_uag_custom_page_level_css":"","site-sidebar-layout":"no-sidebar","site-content-layout":"page-builder","ast-site-content-layout":"full-width-container","site-content-style":"unboxed","site-sidebar-style":"unboxed","ast-global-header-display":"","ast-banner-title-visibility":"","ast-main-header-display":"","ast-hfb-above-header-display":"","ast-hfb-below-header-display":"","ast-hfb-mobile-header-display":"","site-post-title":"disabled","ast-breadcrumbs-content":"","ast-featured-img":"disabled","footer-sml-layout":"","theme-transparent-header-meta":"enabled","adv-header-id-meta":"","stick-header-meta":"","header-above-stick-meta":"","header-main-stick-meta":"","header-below-stick-meta":"","astra-migrate-meta-layouts":"set","footnotes":""},"class_list":["post-2884","page","type-page","status-publish","hentry"],"yoast_head":"<!-- This site is optimized with the Yoast SEO plugin v24.7 - https:\/\/yoast.com\/wordpress\/plugins\/seo\/ -->\n<title>Alegria dos mi\u00fados - Jeeptour - Portugal<\/title>\n<meta name=\"robots\" content=\"index, follow, max-snippet:-1, max-image-preview:large, max-video-preview:-1\" \/>\n<link rel=\"canonical\" href=\"https:\/\/jeeptour.pt\/?page_id=2884\" \/>\n<meta property=\"og:locale\" content=\"pt_PT\" \/>\n<meta property=\"og:type\" content=\"article\" \/>\n<meta property=\"og:title\" content=\"Alegria dos mi\u00fados - Jeeptour - Portugal\" \/>\n<meta property=\"og:description\" content=\"Alegria dos mi\u00fados Alegria dos mi\u00fados com a Jeeptour\u00ae! Embarque em uma jornada emocionante com a &#8220;Alegria dos Mi\u00fados&#8221; da Jeeptour! Projetado especialmente para encantar nossos pequenos exploradores, este passeio promete aventuras inesquec\u00edveis em meio \u00e0 natureza e \u00e0 hist\u00f3ria local. Nossos ve\u00edculos adaptados garantem conforto e seguran\u00e7a enquanto as crian\u00e7as se maravilham com paisagens &hellip; Alegria dos mi\u00fados Read More &raquo;\" \/>\n<meta property=\"og:url\" content=\"https:\/\/jeeptour.pt\/?page_id=2884\" \/>\n<meta property=\"og:site_name\" content=\"Jeeptour - Portugal\" \/>\n<meta property=\"article:modified_time\" content=\"2025-09-25T21:30:41+00:00\" \/>\n<meta name=\"twitter:card\" content=\"summary_large_image\" \/>\n<meta name=\"twitter:label1\" content=\"Est. reading time\" \/>\n\t<meta name=\"twitter:data1\" content=\"2 minutos\" \/>\n<script type=\"application\/ld+json\" class=\"yoast-schema-graph\">{\"@context\":\"https:\/\/schema.org\",\"@graph\":[{\"@type\":\"WebPage\",\"@id\":\"https:\/\/jeeptour.pt\/?page_id=2884\",\"url\":\"https:\/\/jeeptour.pt\/?page_id=2884\",\"name\":\"Alegria dos mi\u00fados - Jeeptour - Portugal\",\"isPartOf\":{\"@id\":\"https:\/\/jeeptour.pt\/#website\"},\"datePublished\":\"2024-03-18T10:20:08+00:00\",\"dateModified\":\"2025-09-25T21:30:41+00:00\",\"breadcrumb\":{\"@id\":\"https:\/\/jeeptour.pt\/?page_id=2884#breadcrumb\"},\"inLanguage\":\"pt-PT\",\"potentialAction\":[{\"@type\":\"ReadAction\",\"target\":[\"https:\/\/jeeptour.pt\/?page_id=2884\"]}]},{\"@type\":\"BreadcrumbList\",\"@id\":\"https:\/\/jeeptour.pt\/?page_id=2884#breadcrumb\",\"itemListElement\":[{\"@type\":\"ListItem\",\"position\":1,\"name\":\"In\u00edcio\",\"item\":\"https:\/\/jeeptour.pt\/\"},{\"@type\":\"ListItem\",\"position\":2,\"name\":\"Alegria dos mi\u00fados\"}]},{\"@type\":\"WebSite\",\"@id\":\"https:\/\/jeeptour.pt\/#website\",\"url\":\"https:\/\/jeeptour.pt\/\",\"name\":\"Jeeptour - Portugal\",\"description\":\"Passeios de jipe\",\"publisher\":{\"@id\":\"https:\/\/jeeptour.pt\/#organization\"},\"potentialAction\":[{\"@type\":\"SearchAction\",\"target\":{\"@type\":\"EntryPoint\",\"urlTemplate\":\"https:\/\/jeeptour.pt\/?s={search_term_string}\"},\"query-input\":{\"@type\":\"PropertyValueSpecification\",\"valueRequired\":true,\"valueName\":\"search_term_string\"}}],\"inLanguage\":\"pt-PT\"},{\"@type\":\"Organization\",\"@id\":\"https:\/\/jeeptour.pt\/#organization\",\"name\":\"Jeeptour - Portugal\",\"url\":\"https:\/\/jeeptour.pt\/\",\"logo\":{\"@type\":\"ImageObject\",\"inLanguage\":\"pt-PT\",\"@id\":\"https:\/\/jeeptour.pt\/#\/schema\/logo\/image\/\",\"url\":\"https:\/\/jeeptour.pt\/wp-content\/uploads\/2023\/10\/cropped-logook.png\",\"contentUrl\":\"https:\/\/jeeptour.pt\/wp-content\/uploads\/2023\/10\/cropped-logook.png\",\"width\":486,\"height\":442,\"caption\":\"Jeeptour - Portugal\"},\"image\":{\"@id\":\"https:\/\/jeeptour.pt\/#\/schema\/logo\/image\/\"}}]}<\/script>\n<!-- \/ Yoast SEO plugin. -->","yoast_head_json":{"title":"Alegria dos mi\u00fados - Jeeptour - Portugal","robots":{"index":"index","follow":"follow","max-snippet":"max-snippet:-1","max-image-preview":"max-image-preview:large","max-video-preview":"max-video-preview:-1"},"canonical":"https:\/\/jeeptour.pt\/?page_id=2884","og_locale":"pt_PT","og_type":"article","og_title":"Alegria dos mi\u00fados - Jeeptour - Portugal","og_description":"Alegria dos mi\u00fados Alegria dos mi\u00fados com a Jeeptour\u00ae! Embarque em uma jornada emocionante com a &#8220;Alegria dos Mi\u00fados&#8221; da Jeeptour! Projetado especialmente para encantar nossos pequenos exploradores, este passeio promete aventuras inesquec\u00edveis em meio \u00e0 natureza e \u00e0 hist\u00f3ria local. Nossos ve\u00edculos adaptados garantem conforto e seguran\u00e7a enquanto as crian\u00e7as se maravilham com paisagens &hellip; Alegria dos mi\u00fados Read More &raquo;","og_url":"https:\/\/jeeptour.pt\/?page_id=2884","og_site_name":"Jeeptour - Portugal","article_modified_time":"2025-09-25T21:30:41+00:00","twitter_card":"summary_large_image","twitter_misc":{"Est. reading time":"2 minutos"},"schema":{"@context":"https:\/\/schema.org","@graph":[{"@type":"WebPage","@id":"https:\/\/jeeptour.pt\/?page_id=2884","url":"https:\/\/jeeptour.pt\/?page_id=2884","name":"Alegria dos mi\u00fados - Jeeptour - Portugal","isPartOf":{"@id":"https:\/\/jeeptour.pt\/#website"},"datePublished":"2024-03-18T10:20:08+00:00","dateModified":"2025-09-25T21:30:41+00:00","breadcrumb":{"@id":"https:\/\/jeeptour.pt\/?page_id=2884#breadcrumb"},"inLanguage":"pt-PT","potentialAction":[{"@type":"ReadAction","target":["https:\/\/jeeptour.pt\/?page_id=2884"]}]},{"@type":"BreadcrumbList","@id":"https:\/\/jeeptour.pt\/?page_id=2884#breadcrumb","itemListElement":[{"@type":"ListItem","position":1,"name":"In\u00edcio","item":"https:\/\/jeeptour.pt\/"},{"@type":"ListItem","position":2,"name":"Alegria dos mi\u00fados"}]},{"@type":"WebSite","@id":"https:\/\/jeeptour.pt\/#website","url":"https:\/\/jeeptour.pt\/","name":"Jeeptour - Portugal","description":"Passeios de jipe","publisher":{"@id":"https:\/\/jeeptour.pt\/#organization"},"potentialAction":[{"@type":"SearchAction","target":{"@type":"EntryPoint","urlTemplate":"https:\/\/jeeptour.pt\/?s={search_term_string}"},"query-input":{"@type":"PropertyValueSpecification","valueRequired":true,"valueName":"search_term_string"}}],"inLanguage":"pt-PT"},{"@type":"Organization","@id":"https:\/\/jeeptour.pt\/#organization","name":"Jeeptour - Portugal","url":"https:\/\/jeeptour.pt\/","logo":{"@type":"ImageObject","inLanguage":"pt-PT","@id":"https:\/\/jeeptour.pt\/#\/schema\/logo\/image\/","url":"https:\/\/jeeptour.pt\/wp-content\/uploads\/2023\/10\/cropped-logook.png","contentUrl":"https:\/\/jeeptour.pt\/wp-content\/uploads\/2023\/10\/cropped-logook.png","width":486,"height":442,"caption":"Jeeptour - Portugal"},"image":{"@id":"https:\/\/jeeptour.pt\/#\/schema\/logo\/image\/"}}]}},"uagb_featured_image_src":{"full":false,"thumbnail":false,"medium":false,"medium_large":false,"large":false,"1536x1536":false,"2048x2048":false},"uagb_author_info":{"display_name":"luilin","author_link":"https:\/\/jeeptour.pt\/?author=1"},"uagb_comment_info":0,"uagb_excerpt":"Alegria dos mi\u00fados Alegria dos mi\u00fados com a Jeeptour\u00ae! Embarque em uma jornada emocionante com a &#8220;Alegria dos Mi\u00fados&#8221; da Jeeptour! Projetado especialmente para encantar nossos pequenos exploradores, este passeio promete aventuras inesquec\u00edveis em meio \u00e0 natureza e \u00e0 hist\u00f3ria local. Nossos ve\u00edculos adaptados garantem conforto e seguran\u00e7a enquanto as crian\u00e7as se maravilham com paisagens&hellip;","_links":{"self":[{"href":"https:\/\/jeeptour.pt\/index.php?rest_route=\/wp\/v2\/pages\/2884","targetHints":{"allow":["GET"]}}],"collection":[{"href":"https:\/\/jeeptour.pt\/index.php?rest_route=\/wp\/v2\/pages"}],"about":[{"href":"https:\/\/jeeptour.pt\/index.php?rest_route=\/wp\/v2\/types\/page"}],"author":[{"embeddable":true,"href":"https:\/\/jeeptour.pt\/index.php?rest_route=\/wp\/v2\/users\/1"}],"replies":[{"embeddable":true,"href":"https:\/\/jeeptour.pt\/index.php?rest_route=%2Fwp%2Fv2%2Fcomments&post=2884"}],"version-history":[{"count":23,"href":"https:\/\/jeeptour.pt\/index.php?rest_route=\/wp\/v2\/pages\/2884\/revisions"}],"predecessor-version":[{"id":4374,"href":"https:\/\/jeeptour.pt\/index.php?rest_route=\/wp\/v2\/pages\/2884\/revisions\/4374"}],"wp:attachment":[{"href":"https:\/\/jeeptour.pt\/index.php?rest_route=%2Fwp%2Fv2%2Fmedia&parent=2884"}],"curies":[{"name":"wp","href":"https:\/\/api.w.org\/{rel}","templated":true}]}}